{"id":4746,"date":"2023-02-09T03:05:23","date_gmt":"2023-02-09T03:05:23","guid":{"rendered":"https:\/\/hhabogado.com\/?page_id=4746"},"modified":"2023-02-15T20:56:02","modified_gmt":"2023-02-15T20:56:02","slug":"tramites-en-linea","status":"publish","type":"page","link":"https:\/\/hhabogado.com\/en\/tramites-en-linea\/","title":{"rendered":"Tr\u00e1mites en l\u00ednea"},"content":{"rendered":"<div data-elementor-type=\"wp-page\" data-elementor-id=\"4746\" class=\"elementor elementor-4746\" data-elementor-post-type=\"page\">\n\t\t\t\t\t\t<section class=\"elementor-section elementor-top-section elementor-element elementor-element-4c46740 elementor-section-full_width qodef-elementor-content-grid elementor-section-height-default elementor-section-height-default\" data-id=\"4c46740\" data-element_type=\"section\">\n\t\t\t\t\t\t<div class=\"elementor-container elementor-column-gap-default\">\n\t\t\t\t\t<div class=\"elementor-column elementor-col-50 elementor-top-column elementor-element elementor-element-3a943a9\" data-id=\"3a943a9\" data-element_type=\"column\">\n\t\t\t<div class=\"elementor-widget-wrap elementor-element-populated\">\n\t\t\t\t\t\t<div class=\"elementor-element elementor-element-49ddc8b elementor-widget elementor-widget-thetrial_core_text_with_numerals\" data-id=\"49ddc8b\" data-element_type=\"widget\" data-widget_type=\"thetrial_core_text_with_numerals.default\">\n\t\t\t\t<div class=\"elementor-widget-container\">\n\t\t\t\t\t<div class=\"qodef-shortcode qodef-m  qodef-text-with-numerals qodef-layout--simple\" >\n\t<div class=\"qodef-m-wrapper\">\n\t\t<div class=\"qodef-m-numerals\" >01<\/div>\n\t<\/div>\n\t<div class=\"qodef-m-content\">\n\t\t\t\t    <h4 class=\"qodef-m-title\" >Consultas<\/h4>\n\t\t\t\t<\/div>\n<\/div>\t\t\t\t<\/div>\n\t\t\t\t<\/div>\n\t\t\t\t<div class=\"elementor-element elementor-element-b17d6f8 elementor-widget elementor-widget-text-editor\" data-id=\"b17d6f8\" data-element_type=\"widget\" data-widget_type=\"text-editor.default\">\n\t\t\t\t<div class=\"elementor-widget-container\">\n\t\t\t\t\t\t\t\t\t<p><span style=\"font-weight: 400;\">En nuestra consulta le brindaremos una asesor\u00eda integral de su caso y le daremos las recomendaciones para el tr\u00e1mite o proceso que deba seguir.<\/span><\/p>\t\t\t\t\t\t\t\t<\/div>\n\t\t\t\t<\/div>\n\t\t\t\t\t<\/div>\n\t\t<\/div>\n\t\t\t\t<div class=\"elementor-column elementor-col-50 elementor-top-column elementor-element elementor-element-5d80ebc\" data-id=\"5d80ebc\" data-element_type=\"column\">\n\t\t\t<div class=\"elementor-widget-wrap elementor-element-populated\">\n\t\t\t\t\t\t<div class=\"elementor-element elementor-element-83b47c7 elementor-view-default elementor-widget elementor-widget-icon\" data-id=\"83b47c7\" data-element_type=\"widget\" data-widget_type=\"icon.default\">\n\t\t\t\t<div class=\"elementor-widget-container\">\n\t\t\t\t\t\t\t<div class=\"elementor-icon-wrapper\">\n\t\t\t<div class=\"elementor-icon\">\n\t\t\t<i aria-hidden=\"true\" class=\"fas fa-balance-scale\"><\/i>\t\t\t<\/div>\n\t\t<\/div>\n\t\t\t\t\t\t<\/div>\n\t\t\t\t<\/div>\n\t\t\t\t\t<\/div>\n\t\t<\/div>\n\t\t\t\t\t<\/div>\n\t\t<\/section>\n\t\t\t\t<section class=\"elementor-section elementor-top-section elementor-element elementor-element-3173f7e qodef-elementor-content-grid elementor-section-boxed elementor-section-height-default elementor-section-height-default\" data-id=\"3173f7e\" data-element_type=\"section\">\n\t\t\t\t\t\t<div class=\"elementor-container elementor-column-gap-default\">\n\t\t\t\t\t<div class=\"elementor-column elementor-col-100 elementor-top-column elementor-element elementor-element-006b3b2\" data-id=\"006b3b2\" data-element_type=\"column\">\n\t\t\t<div class=\"elementor-widget-wrap elementor-element-populated\">\n\t\t\t\t\t\t<div class=\"elementor-element elementor-element-ae52673 elementor-widget elementor-widget-thetrial_core_separator\" data-id=\"ae52673\" data-element_type=\"widget\" data-widget_type=\"thetrial_core_separator.default\">\n\t\t\t\t<div class=\"elementor-widget-container\">\n\t\t\t\t\t<div class=\"qodef-shortcode qodef-m  qodef-separator clear\">\n\t<div class=\"qodef-m-line\" ><\/div>\n<\/div>\t\t\t\t<\/div>\n\t\t\t\t<\/div>\n\t\t\t\t\t<\/div>\n\t\t<\/div>\n\t\t\t\t\t<\/div>\n\t\t<\/section>\n\t\t\t\t<section class=\"elementor-section elementor-top-section elementor-element elementor-element-4af4cf5 qodef-elementor-content-grid elementor-section-boxed elementor-section-height-default elementor-section-height-default\" data-id=\"4af4cf5\" data-element_type=\"section\">\n\t\t\t\t\t\t<div class=\"elementor-container elementor-column-gap-default\">\n\t\t\t\t\t<div class=\"elementor-column elementor-col-50 elementor-top-column elementor-element elementor-element-8e9c71a\" data-id=\"8e9c71a\" data-element_type=\"column\">\n\t\t\t<div class=\"elementor-widget-wrap elementor-element-populated\">\n\t\t\t\t\t\t<div class=\"elementor-element elementor-element-95f198a elementor-widget elementor-widget-thetrial_core_text_with_numerals\" data-id=\"95f198a\" data-element_type=\"widget\" data-widget_type=\"thetrial_core_text_with_numerals.default\">\n\t\t\t\t<div class=\"elementor-widget-container\">\n\t\t\t\t\t<div class=\"qodef-shortcode qodef-m  qodef-text-with-numerals qodef-layout--simple\" >\n\t<div class=\"qodef-m-wrapper\">\n\t\t<div class=\"qodef-m-numerals\" >02<\/div>\n\t<\/div>\n\t<div class=\"qodef-m-content\">\n\t\t\t\t    <h4 class=\"qodef-m-title\" >Certificaciones<\/h4>\n\t\t\t\t<\/div>\n<\/div>\t\t\t\t<\/div>\n\t\t\t\t<\/div>\n\t\t\t\t<div class=\"elementor-element elementor-element-e23719f elementor-widget elementor-widget-text-editor\" data-id=\"e23719f\" data-element_type=\"widget\" data-widget_type=\"text-editor.default\">\n\t\t\t\t<div class=\"elementor-widget-container\">\n\t\t\t\t\t\t\t\t\t<ul><li style=\"font-weight: 400;\" aria-level=\"2\"><span style=\"font-weight: 400;\">Buscaremos y le enviaremos por el medio que m\u00e1s se ajuste a su necesidad las certificaciones que necesite, nosotros lo hacemos por usted.<\/span><\/li><\/ul>\t\t\t\t\t\t\t\t<\/div>\n\t\t\t\t<\/div>\n\t\t\t\t\t<\/div>\n\t\t<\/div>\n\t\t\t\t<div class=\"elementor-column elementor-col-50 elementor-top-column elementor-element elementor-element-61c4dc9\" data-id=\"61c4dc9\" data-element_type=\"column\">\n\t\t\t<div class=\"elementor-widget-wrap elementor-element-populated\">\n\t\t\t\t\t\t<div class=\"elementor-element elementor-element-57f0c46 elementor-view-default elementor-widget elementor-widget-icon\" data-id=\"57f0c46\" data-element_type=\"widget\" data-widget_type=\"icon.default\">\n\t\t\t\t<div class=\"elementor-widget-container\">\n\t\t\t\t\t\t\t<div class=\"elementor-icon-wrapper\">\n\t\t\t<div class=\"elementor-icon\">\n\t\t\t<i aria-hidden=\"true\" class=\"fas fa-balance-scale\"><\/i>\t\t\t<\/div>\n\t\t<\/div>\n\t\t\t\t\t\t<\/div>\n\t\t\t\t<\/div>\n\t\t\t\t\t<\/div>\n\t\t<\/div>\n\t\t\t\t\t<\/div>\n\t\t<\/section>\n\t\t\t\t<section class=\"elementor-section elementor-top-section elementor-element elementor-element-3929109 qodef-elementor-content-grid elementor-section-boxed elementor-section-height-default elementor-section-height-default\" data-id=\"3929109\" data-element_type=\"section\">\n\t\t\t\t\t\t<div class=\"elementor-container elementor-column-gap-default\">\n\t\t\t\t\t<div class=\"elementor-column elementor-col-100 elementor-top-column elementor-element elementor-element-a832723\" data-id=\"a832723\" data-element_type=\"column\">\n\t\t\t<div class=\"elementor-widget-wrap elementor-element-populated\">\n\t\t\t\t\t\t<div class=\"elementor-element elementor-element-d48c648 elementor-widget elementor-widget-thetrial_core_separator\" data-id=\"d48c648\" data-element_type=\"widget\" data-widget_type=\"thetrial_core_separator.default\">\n\t\t\t\t<div class=\"elementor-widget-container\">\n\t\t\t\t\t<div class=\"qodef-shortcode qodef-m  qodef-separator clear\">\n\t<div class=\"qodef-m-line\" ><\/div>\n<\/div>\t\t\t\t<\/div>\n\t\t\t\t<\/div>\n\t\t\t\t\t<\/div>\n\t\t<\/div>\n\t\t\t\t\t<\/div>\n\t\t<\/section>\n\t\t\t\t<section class=\"elementor-section elementor-top-section elementor-element elementor-element-b563e0a qodef-elementor-content-grid elementor-section-boxed elementor-section-height-default elementor-section-height-default\" data-id=\"b563e0a\" data-element_type=\"section\">\n\t\t\t\t\t\t<div class=\"elementor-container elementor-column-gap-default\">\n\t\t\t\t\t<div class=\"elementor-column elementor-col-50 elementor-top-column elementor-element elementor-element-6e4ed3c\" data-id=\"6e4ed3c\" data-element_type=\"column\">\n\t\t\t<div class=\"elementor-widget-wrap elementor-element-populated\">\n\t\t\t\t\t\t<div class=\"elementor-element elementor-element-7902bd4 elementor-widget elementor-widget-thetrial_core_text_with_numerals\" data-id=\"7902bd4\" data-element_type=\"widget\" data-widget_type=\"thetrial_core_text_with_numerals.default\">\n\t\t\t\t<div class=\"elementor-widget-container\">\n\t\t\t\t\t<div class=\"qodef-shortcode qodef-m  qodef-text-with-numerals qodef-layout--simple\" >\n\t<div class=\"qodef-m-wrapper\">\n\t\t<div class=\"qodef-m-numerals\" >03<\/div>\n\t<\/div>\n\t<div class=\"qodef-m-content\">\n\t\t\t\t    <h4 class=\"qodef-m-title\" >Revisi\u00f3n de expedientes<\/h4>\n\t\t\t\t<\/div>\n<\/div>\t\t\t\t<\/div>\n\t\t\t\t<\/div>\n\t\t\t\t<div class=\"elementor-element elementor-element-18e7a41 elementor-widget elementor-widget-text-editor\" data-id=\"18e7a41\" data-element_type=\"widget\" data-widget_type=\"text-editor.default\">\n\t\t\t\t<div class=\"elementor-widget-container\">\n\t\t\t\t\t\t\t\t\t<p><span style=\"font-weight: 400;\">Analizamos de manera integral su expediente, ya sea virtual (Gesti\u00f3n en L\u00ednea) o bien de manera f\u00edsica y le daremos un an\u00e1lisis completo y los pasos que deber\u00eda seguir para culminar el proceso de la mejor manera.<\/span><\/p>\t\t\t\t\t\t\t\t<\/div>\n\t\t\t\t<\/div>\n\t\t\t\t\t<\/div>\n\t\t<\/div>\n\t\t\t\t<div class=\"elementor-column elementor-col-50 elementor-top-column elementor-element elementor-element-29c1eab\" data-id=\"29c1eab\" data-element_type=\"column\">\n\t\t\t<div class=\"elementor-widget-wrap elementor-element-populated\">\n\t\t\t\t\t\t<div class=\"elementor-element elementor-element-985a35b elementor-view-default elementor-widget elementor-widget-icon\" data-id=\"985a35b\" data-element_type=\"widget\" data-widget_type=\"icon.default\">\n\t\t\t\t<div class=\"elementor-widget-container\">\n\t\t\t\t\t\t\t<div class=\"elementor-icon-wrapper\">\n\t\t\t<div class=\"elementor-icon\">\n\t\t\t<i aria-hidden=\"true\" class=\"fas fa-balance-scale\"><\/i>\t\t\t<\/div>\n\t\t<\/div>\n\t\t\t\t\t\t<\/div>\n\t\t\t\t<\/div>\n\t\t\t\t\t<\/div>\n\t\t<\/div>\n\t\t\t\t\t<\/div>\n\t\t<\/section>\n\t\t\t\t<section class=\"elementor-section elementor-top-section elementor-element elementor-element-5aa606f qodef-elementor-content-grid elementor-section-boxed elementor-section-height-default elementor-section-height-default\" data-id=\"5aa606f\" data-element_type=\"section\">\n\t\t\t\t\t\t<div class=\"elementor-container elementor-column-gap-default\">\n\t\t\t\t\t<div class=\"elementor-column elementor-col-100 elementor-top-column elementor-element elementor-element-386da35\" data-id=\"386da35\" data-element_type=\"column\">\n\t\t\t<div class=\"elementor-widget-wrap elementor-element-populated\">\n\t\t\t\t\t\t<div class=\"elementor-element elementor-element-f8f9f93 elementor-widget elementor-widget-thetrial_core_separator\" data-id=\"f8f9f93\" data-element_type=\"widget\" data-widget_type=\"thetrial_core_separator.default\">\n\t\t\t\t<div class=\"elementor-widget-container\">\n\t\t\t\t\t<div class=\"qodef-shortcode qodef-m  qodef-separator clear\">\n\t<div class=\"qodef-m-line\" ><\/div>\n<\/div>\t\t\t\t<\/div>\n\t\t\t\t<\/div>\n\t\t\t\t\t<\/div>\n\t\t<\/div>\n\t\t\t\t\t<\/div>\n\t\t<\/section>\n\t\t\t\t<section class=\"elementor-section elementor-top-section elementor-element elementor-element-a4c7cbf qodef-elementor-content-grid elementor-section-boxed elementor-section-height-default elementor-section-height-default\" data-id=\"a4c7cbf\" data-element_type=\"section\">\n\t\t\t\t\t\t<div class=\"elementor-container elementor-column-gap-default\">\n\t\t\t\t\t<div class=\"elementor-column elementor-col-50 elementor-top-column elementor-element elementor-element-4f0530c\" data-id=\"4f0530c\" data-element_type=\"column\">\n\t\t\t<div class=\"elementor-widget-wrap elementor-element-populated\">\n\t\t\t\t\t\t<div class=\"elementor-element elementor-element-0291b5d elementor-widget elementor-widget-thetrial_core_text_with_numerals\" data-id=\"0291b5d\" data-element_type=\"widget\" data-widget_type=\"thetrial_core_text_with_numerals.default\">\n\t\t\t\t<div class=\"elementor-widget-container\">\n\t\t\t\t\t<div class=\"qodef-shortcode qodef-m  qodef-text-with-numerals qodef-layout--simple\" >\n\t<div class=\"qodef-m-wrapper\">\n\t\t<div class=\"qodef-m-numerals\" >04<\/div>\n\t<\/div>\n\t<div class=\"qodef-m-content\">\n\t\t\t\t    <h4 class=\"qodef-m-title\" >Revisi\u00f3n y redacci\u00f3n de contratos<\/h4>\n\t\t\t\t<\/div>\n<\/div>\t\t\t\t<\/div>\n\t\t\t\t<\/div>\n\t\t\t\t<div class=\"elementor-element elementor-element-c451171 elementor-widget elementor-widget-text-editor\" data-id=\"c451171\" data-element_type=\"widget\" data-widget_type=\"text-editor.default\">\n\t\t\t\t<div class=\"elementor-widget-container\">\n\t\t\t\t\t\t\t\t\t<p><span style=\"font-weight: 400;\">Lo asesoramos a usted o su empresa en la redacci\u00f3n y an\u00e1lisis de los contratos que necesite para diferentes gestiones, comerciales, laborales, entre otros.<\/span><\/p>\t\t\t\t\t\t\t\t<\/div>\n\t\t\t\t<\/div>\n\t\t\t\t\t<\/div>\n\t\t<\/div>\n\t\t\t\t<div class=\"elementor-column elementor-col-50 elementor-top-column elementor-element elementor-element-fe7de4b\" data-id=\"fe7de4b\" data-element_type=\"column\">\n\t\t\t<div class=\"elementor-widget-wrap elementor-element-populated\">\n\t\t\t\t\t\t<div class=\"elementor-element elementor-element-c659826 elementor-view-default elementor-widget elementor-widget-icon\" data-id=\"c659826\" data-element_type=\"widget\" data-widget_type=\"icon.default\">\n\t\t\t\t<div class=\"elementor-widget-container\">\n\t\t\t\t\t\t\t<div class=\"elementor-icon-wrapper\">\n\t\t\t<div class=\"elementor-icon\">\n\t\t\t<i aria-hidden=\"true\" class=\"fas fa-balance-scale\"><\/i>\t\t\t<\/div>\n\t\t<\/div>\n\t\t\t\t\t\t<\/div>\n\t\t\t\t<\/div>\n\t\t\t\t\t<\/div>\n\t\t<\/div>\n\t\t\t\t\t<\/div>\n\t\t<\/section>\n\t\t\t\t<section class=\"elementor-section elementor-top-section elementor-element elementor-element-65757c6b elementor-section-full_width qodef-elementor-content-grid elementor-section-stretched elementor-section-height-default elementor-section-height-default\" data-id=\"65757c6b\" data-element_type=\"section\" data-settings=\"{&quot;background_background&quot;:&quot;classic&quot;,&quot;stretch_section&quot;:&quot;section-stretched&quot;}\">\n\t\t\t\t\t\t<div class=\"elementor-container elementor-column-gap-default\">\n\t\t\t\t\t<div class=\"elementor-column elementor-col-100 elementor-top-column elementor-element elementor-element-15c3c004\" data-id=\"15c3c004\" data-element_type=\"column\">\n\t\t\t<div class=\"elementor-widget-wrap elementor-element-populated\">\n\t\t\t\t\t\t<div class=\"elementor-element elementor-element-7394e6cf elementor-widget elementor-widget-thetrial_core_call_to_action\" data-id=\"7394e6cf\" data-element_type=\"widget\" data-widget_type=\"thetrial_core_call_to_action.default\">\n\t\t\t\t<div class=\"elementor-widget-container\">\n\t\t\t\t\t<div class=\"qodef-shortcode qodef-m  qodef-call-to-action qodef-layout--standard qodef-style--stretched\">\n\t<div class=\"qodef-m-inner\">\n\t\t\t<div class=\"qodef-m-content\"><div class=\"qodef-m-content\"><h2>Haga su consulta y elija su abogado.<\/h2><\/div><div class=\"qodef-m-button\">\u00a0<\/div><\/div>\n\t\t\t<div class=\"qodef-m-button\">\n\t\t    <a class=\"qodef-shortcode qodef-m  qodef-button qodef-layout--outlined qodef-size--large qodef-html--link\" href=\"tel:06000252668774\" target=\"_self\"  style=\"margin: 20px 0px 20px 0px\">\t            <span class=\"qodef-m-text\">Cont\u00e1ctenos<\/span>    <\/a>\t<\/div>\n\t<\/div>\n<\/div>\t\t\t\t<\/div>\n\t\t\t\t<\/div>\n\t\t\t\t\t<\/div>\n\t\t<\/div>\n\t\t\t\t\t<\/div>\n\t\t<\/section>\n\t\t\t\t<\/div>","protected":false},"excerpt":{"rendered":"<p>01 Consultas En nuestra consulta le brindaremos una asesor\u00eda integral de su caso y le daremos las recomendaciones para el tr\u00e1mite o proceso que deba seguir. 02 Certificaciones Buscaremos y le enviaremos por el medio que m\u00e1s se ajuste a su necesidad las certificaciones que necesite, nosotros lo hacemos por usted. 03 Revisi\u00f3n de expedientes [&hellip;]<\/p>","protected":false},"author":1,"featured_media":0,"parent":0,"menu_order":0,"comment_status":"closed","ping_status":"closed","template":"","meta":{"footnotes":""},"class_list":["post-4746","page","type-page","status-publish","hentry"],"yoast_head":"<!-- This site is optimized with the Yoast SEO plugin v27.4 - https:\/\/yoast.com\/product\/yoast-seo-wordpress\/ -->\n<title>Tr\u00e1mites en l\u00ednea - HH Abogados &amp; Notarios<\/title>\n<meta name=\"robots\" content=\"index, follow, max-snippet:-1, max-image-preview:large, max-video-preview:-1\" \/>\n<link rel=\"canonical\" href=\"https:\/\/hhabogado.com\/en\/tramites-en-linea\/\" \/>\n<meta property=\"og:locale\" content=\"en_US\" \/>\n<meta property=\"og:type\" content=\"article\" \/>\n<meta property=\"og:title\" content=\"Tr\u00e1mites en l\u00ednea - HH Abogados &amp; Notarios\" \/>\n<meta property=\"og:description\" content=\"01 Consultas En nuestra consulta le brindaremos una asesor\u00eda integral de su caso y le daremos las recomendaciones para el tr\u00e1mite o proceso que deba seguir. 02 Certificaciones Buscaremos y le enviaremos por el medio que m\u00e1s se ajuste a su necesidad las certificaciones que necesite, nosotros lo hacemos por usted. 03 Revisi\u00f3n de expedientes [&hellip;]\" \/>\n<meta property=\"og:url\" content=\"https:\/\/hhabogado.com\/en\/tramites-en-linea\/\" \/>\n<meta property=\"og:site_name\" content=\"HH Abogados &amp; Notarios\" \/>\n<meta property=\"article:modified_time\" content=\"2023-02-15T20:56:02+00:00\" \/>\n<meta name=\"twitter:card\" content=\"summary_large_image\" \/>\n<meta name=\"twitter:label1\" content=\"Est. reading time\" \/>\n\t<meta name=\"twitter:data1\" content=\"1 minute\" \/>\n<script type=\"application\/ld+json\" class=\"yoast-schema-graph\">{\"@context\":\"https:\\\/\\\/schema.org\",\"@graph\":[{\"@type\":\"WebPage\",\"@id\":\"https:\\\/\\\/hhabogado.com\\\/tramites-en-linea\\\/\",\"url\":\"https:\\\/\\\/hhabogado.com\\\/tramites-en-linea\\\/\",\"name\":\"Tr\u00e1mites en l\u00ednea - HH Abogados &amp; Notarios\",\"isPartOf\":{\"@id\":\"https:\\\/\\\/hhabogado.com\\\/#website\"},\"datePublished\":\"2023-02-09T03:05:23+00:00\",\"dateModified\":\"2023-02-15T20:56:02+00:00\",\"breadcrumb\":{\"@id\":\"https:\\\/\\\/hhabogado.com\\\/tramites-en-linea\\\/#breadcrumb\"},\"inLanguage\":\"en-US\",\"potentialAction\":[{\"@type\":\"ReadAction\",\"target\":[\"https:\\\/\\\/hhabogado.com\\\/tramites-en-linea\\\/\"]}]},{\"@type\":\"BreadcrumbList\",\"@id\":\"https:\\\/\\\/hhabogado.com\\\/tramites-en-linea\\\/#breadcrumb\",\"itemListElement\":[{\"@type\":\"ListItem\",\"position\":1,\"name\":\"Home\",\"item\":\"https:\\\/\\\/hhabogado.com\\\/\"},{\"@type\":\"ListItem\",\"position\":2,\"name\":\"Tr\u00e1mites en l\u00ednea\"}]},{\"@type\":\"WebSite\",\"@id\":\"https:\\\/\\\/hhabogado.com\\\/#website\",\"url\":\"https:\\\/\\\/hhabogado.com\\\/\",\"name\":\"HH Abogados &amp; Notarios\",\"description\":\"HH Abodagos &amp; Notarios\",\"publisher\":{\"@id\":\"https:\\\/\\\/hhabogado.com\\\/#organization\"},\"potentialAction\":[{\"@type\":\"SearchAction\",\"target\":{\"@type\":\"EntryPoint\",\"urlTemplate\":\"https:\\\/\\\/hhabogado.com\\\/?s={search_term_string}\"},\"query-input\":{\"@type\":\"PropertyValueSpecification\",\"valueRequired\":true,\"valueName\":\"search_term_string\"}}],\"inLanguage\":\"en-US\"},{\"@type\":\"Organization\",\"@id\":\"https:\\\/\\\/hhabogado.com\\\/#organization\",\"name\":\"HH Abogados &amp; Notarios\",\"url\":\"https:\\\/\\\/hhabogado.com\\\/\",\"logo\":{\"@type\":\"ImageObject\",\"inLanguage\":\"en-US\",\"@id\":\"https:\\\/\\\/hhabogado.com\\\/#\\\/schema\\\/logo\\\/image\\\/\",\"url\":\"https:\\\/\\\/hhabogado.com\\\/wp-content\\\/uploads\\\/2023\\\/02\\\/hh-ico.png\",\"contentUrl\":\"https:\\\/\\\/hhabogado.com\\\/wp-content\\\/uploads\\\/2023\\\/02\\\/hh-ico.png\",\"width\":512,\"height\":512,\"caption\":\"HH Abogados &amp; Notarios\"},\"image\":{\"@id\":\"https:\\\/\\\/hhabogado.com\\\/#\\\/schema\\\/logo\\\/image\\\/\"}}]}<\/script>\n<!-- \/ Yoast SEO plugin. -->","yoast_head_json":{"title":"Tr\u00e1mites en l\u00ednea - HH Abogados &amp; Notarios","robots":{"index":"index","follow":"follow","max-snippet":"max-snippet:-1","max-image-preview":"max-image-preview:large","max-video-preview":"max-video-preview:-1"},"canonical":"https:\/\/hhabogado.com\/en\/tramites-en-linea\/","og_locale":"en_US","og_type":"article","og_title":"Tr\u00e1mites en l\u00ednea - HH Abogados &amp; Notarios","og_description":"01 Consultas En nuestra consulta le brindaremos una asesor\u00eda integral de su caso y le daremos las recomendaciones para el tr\u00e1mite o proceso que deba seguir. 02 Certificaciones Buscaremos y le enviaremos por el medio que m\u00e1s se ajuste a su necesidad las certificaciones que necesite, nosotros lo hacemos por usted. 03 Revisi\u00f3n de expedientes [&hellip;]","og_url":"https:\/\/hhabogado.com\/en\/tramites-en-linea\/","og_site_name":"HH Abogados &amp; Notarios","article_modified_time":"2023-02-15T20:56:02+00:00","twitter_card":"summary_large_image","twitter_misc":{"Est. reading time":"1 minute"},"schema":{"@context":"https:\/\/schema.org","@graph":[{"@type":"WebPage","@id":"https:\/\/hhabogado.com\/tramites-en-linea\/","url":"https:\/\/hhabogado.com\/tramites-en-linea\/","name":"Tr\u00e1mites en l\u00ednea - HH Abogados &amp; Notarios","isPartOf":{"@id":"https:\/\/hhabogado.com\/#website"},"datePublished":"2023-02-09T03:05:23+00:00","dateModified":"2023-02-15T20:56:02+00:00","breadcrumb":{"@id":"https:\/\/hhabogado.com\/tramites-en-linea\/#breadcrumb"},"inLanguage":"en-US","potentialAction":[{"@type":"ReadAction","target":["https:\/\/hhabogado.com\/tramites-en-linea\/"]}]},{"@type":"BreadcrumbList","@id":"https:\/\/hhabogado.com\/tramites-en-linea\/#breadcrumb","itemListElement":[{"@type":"ListItem","position":1,"name":"Home","item":"https:\/\/hhabogado.com\/"},{"@type":"ListItem","position":2,"name":"Tr\u00e1mites en l\u00ednea"}]},{"@type":"WebSite","@id":"https:\/\/hhabogado.com\/#website","url":"https:\/\/hhabogado.com\/","name":"HH Abogados &amp; Notarios","description":"HH Abodagos &amp; Notarios","publisher":{"@id":"https:\/\/hhabogado.com\/#organization"},"potentialAction":[{"@type":"SearchAction","target":{"@type":"EntryPoint","urlTemplate":"https:\/\/hhabogado.com\/?s={search_term_string}"},"query-input":{"@type":"PropertyValueSpecification","valueRequired":true,"valueName":"search_term_string"}}],"inLanguage":"en-US"},{"@type":"Organization","@id":"https:\/\/hhabogado.com\/#organization","name":"HH Abogados &amp; Notarios","url":"https:\/\/hhabogado.com\/","logo":{"@type":"ImageObject","inLanguage":"en-US","@id":"https:\/\/hhabogado.com\/#\/schema\/logo\/image\/","url":"https:\/\/hhabogado.com\/wp-content\/uploads\/2023\/02\/hh-ico.png","contentUrl":"https:\/\/hhabogado.com\/wp-content\/uploads\/2023\/02\/hh-ico.png","width":512,"height":512,"caption":"HH Abogados &amp; Notarios"},"image":{"@id":"https:\/\/hhabogado.com\/#\/schema\/logo\/image\/"}}]}},"_links":{"self":[{"href":"https:\/\/hhabogado.com\/en\/wp-json\/wp\/v2\/pages\/4746","targetHints":{"allow":["GET"]}}],"collection":[{"href":"https:\/\/hhabogado.com\/en\/wp-json\/wp\/v2\/pages"}],"about":[{"href":"https:\/\/hhabogado.com\/en\/wp-json\/wp\/v2\/types\/page"}],"author":[{"embeddable":true,"href":"https:\/\/hhabogado.com\/en\/wp-json\/wp\/v2\/users\/1"}],"replies":[{"embeddable":true,"href":"https:\/\/hhabogado.com\/en\/wp-json\/wp\/v2\/comments?post=4746"}],"version-history":[{"count":11,"href":"https:\/\/hhabogado.com\/en\/wp-json\/wp\/v2\/pages\/4746\/revisions"}],"predecessor-version":[{"id":5085,"href":"https:\/\/hhabogado.com\/en\/wp-json\/wp\/v2\/pages\/4746\/revisions\/5085"}],"wp:attachment":[{"href":"https:\/\/hhabogado.com\/en\/wp-json\/wp\/v2\/media?parent=4746"}],"curies":[{"name":"wp","href":"https:\/\/api.w.org\/{rel}","templated":true}]}}