{"id":1010,"date":"2020-09-09T13:00:53","date_gmt":"2020-09-09T13:00:53","guid":{"rendered":"https:\/\/thetrial.qodeinteractive.com\/?page_id=1010"},"modified":"2025-03-11T21:01:11","modified_gmt":"2025-03-11T21:01:11","slug":"acerca-de","status":"publish","type":"page","link":"https:\/\/hhabogado.com\/en\/acerca-de\/","title":{"rendered":"Quienes somos"},"content":{"rendered":"<div data-elementor-type=\"wp-page\" data-elementor-id=\"1010\" class=\"elementor elementor-1010\" data-elementor-post-type=\"page\">\n\t\t\t\t\t\t<section class=\"elementor-section elementor-top-section elementor-element elementor-element-4d2e20b5 elementor-section-boxed elementor-section-height-default elementor-section-height-default qodef-elementor-content-no\" data-id=\"4d2e20b5\" data-element_type=\"section\">\n\t\t\t\t\t\t<div class=\"elementor-container elementor-column-gap-default\">\n\t\t\t\t\t<div class=\"elementor-column elementor-col-100 elementor-top-column elementor-element elementor-element-15fea870\" data-id=\"15fea870\" data-element_type=\"column\">\n\t\t\t<div class=\"elementor-widget-wrap elementor-element-populated\">\n\t\t\t\t\t\t<div class=\"elementor-element elementor-element-23e7130e elementor-widget elementor-widget-text-editor\" data-id=\"23e7130e\" data-element_type=\"widget\" data-widget_type=\"text-editor.default\">\n\t\t\t\t<div class=\"elementor-widget-container\">\n\t\t\t\t\t\t\t\t\t<h1>Sobre nosotros<\/h1>\n<p>En <b>HH Abogados &amp; Notarios<\/b>\u00a0integramos un equipo din\u00e1mico, confiable y creativo enfocado en convertirnos en su mejor aliado estrat\u00e9gico.<\/p>\n<p>Nuestros abogados son profesionales con amplia experiencia en todas las ramas del Derecho y se han caracterizado por ser disciplinados, responsables y expeditos con nuestros clientes.<\/p>\n<p><b>HH Abogados &amp; Notarios<\/b> est\u00e1 especializado en brindar soluciones integrales de la forma m\u00e1s r\u00e1pida, segura, eficiente y con un criterio jur\u00eddico de excelencia en todo tipo de litigios ante los tribunales de Justicia, adem\u00e1s de las mejores estrategias de defensa a trav\u00e9s de profesionales altamente calificados con amplia experiencia en Costa Rica.\u00a0<\/p>\n<p>Brindamos asesor\u00eda legal para que usted pueda realizar sus negocios en Costa Rica de la forma m\u00e1s f\u00e1cil siempre en cumplimiento de todos los requisitos legales del pa\u00eds. Esto es una ventaja para que las empresas nacionales o multinacionales alcancen sus objetivos comerciales con el cumplimiento de toda la normativa legal sobre cada tipo de negocio en el pa\u00eds.<\/p>\n<h3 style=\"text-align: center;\">Lic. Harvey Harriett<br \/>Abogado Director<\/h3>\n<p style=\"text-align: center;\">Soy un abogado apasionado y comprometido con la defensa de los derechos de mis clientes.<\/p>\n<p style=\"text-align: center;\">Tengo una especialidad en derecho notarial y registral, lo que me permite ofrecer un asesoramiento integral en la gesti\u00f3n de documentos y tr\u00e1mites\u00a0legales.<\/p>\n<p><img fetchpriority=\"high\" decoding=\"async\" src=\"https:\/\/hhabogado.com\/wp-content\/uploads\/2023\/02\/harvey-harriett-abogado-perfil-03-1024x683.jpg\" sizes=\"(max-width: 1024px) 100vw, 1024px\" srcset=\"https:\/\/hhabogado.com\/wp-content\/uploads\/2023\/02\/harvey-harriett-abogado-perfil-03-1024x683.jpg 1024w, https:\/\/hhabogado.com\/wp-content\/uploads\/2023\/02\/harvey-harriett-abogado-perfil-03-300x200.jpg 300w, https:\/\/hhabogado.com\/wp-content\/uploads\/2023\/02\/harvey-harriett-abogado-perfil-03-768x512.jpg 768w, https:\/\/hhabogado.com\/wp-content\/uploads\/2023\/02\/harvey-harriett-abogado-perfil-03-1536x1024.jpg 1536w, https:\/\/hhabogado.com\/wp-content\/uploads\/2023\/02\/harvey-harriett-abogado-perfil-03-18x12.jpg 18w, https:\/\/hhabogado.com\/wp-content\/uploads\/2023\/02\/harvey-harriett-abogado-perfil-03.jpg 1600w\" alt=\"\" width=\"1024\" height=\"683\" \/><\/p>\n\n\n<p><\/p>\n\t\t\t\t\t\t\t\t<\/div>\n\t\t\t\t<\/div>\n\t\t\t\t\t<\/div>\n\t\t<\/div>\n\t\t\t\t\t<\/div>\n\t\t<\/section>\n\t\t\t\t<\/div>","protected":false},"excerpt":{"rendered":"<p>Sobre nosotros En HH Abogados &amp; Notarios\u00a0integramos un equipo din\u00e1mico, confiable y creativo enfocado en convertirnos en su mejor aliado estrat\u00e9gico. Nuestros abogados son profesionales con amplia experiencia en todas las ramas del Derecho y se han caracterizado por ser disciplinados, responsables y expeditos con nuestros clientes. HH Abogados &amp; Notarios est\u00e1 especializado en brindar [&hellip;]<\/p>","protected":false},"author":1,"featured_media":4566,"parent":0,"menu_order":0,"comment_status":"closed","ping_status":"closed","template":"","meta":{"footnotes":""},"class_list":["post-1010","page","type-page","status-publish","has-post-thumbnail","hentry"],"yoast_head":"<!-- This site is optimized with the Yoast SEO plugin v27.4 - https:\/\/yoast.com\/product\/yoast-seo-wordpress\/ -->\n<title>Quienes somos - HH Abogados &amp; Notarios<\/title>\n<meta name=\"robots\" content=\"index, follow, max-snippet:-1, max-image-preview:large, max-video-preview:-1\" \/>\n<link rel=\"canonical\" href=\"https:\/\/hhabogado.com\/en\/acerca-de\/\" \/>\n<meta property=\"og:locale\" content=\"en_US\" \/>\n<meta property=\"og:type\" content=\"article\" \/>\n<meta property=\"og:title\" content=\"Quienes somos - HH Abogados &amp; Notarios\" \/>\n<meta property=\"og:description\" content=\"Sobre nosotros En HH Abogados &amp; Notarios\u00a0integramos un equipo din\u00e1mico, confiable y creativo enfocado en convertirnos en su mejor aliado estrat\u00e9gico. Nuestros abogados son profesionales con amplia experiencia en todas las ramas del Derecho y se han caracterizado por ser disciplinados, responsables y expeditos con nuestros clientes. HH Abogados &amp; Notarios est\u00e1 especializado en brindar [&hellip;]\" \/>\n<meta property=\"og:url\" content=\"https:\/\/hhabogado.com\/en\/acerca-de\/\" \/>\n<meta property=\"og:site_name\" content=\"HH Abogados &amp; Notarios\" \/>\n<meta property=\"article:modified_time\" content=\"2025-03-11T21:01:11+00:00\" \/>\n<meta property=\"og:image\" content=\"https:\/\/hhabogado.com\/wp-content\/uploads\/2023\/01\/hh-abogados-isotipo.png\" \/>\n\t<meta property=\"og:image:width\" content=\"512\" \/>\n\t<meta property=\"og:image:height\" content=\"512\" \/>\n\t<meta property=\"og:image:type\" content=\"image\/png\" \/>\n<meta name=\"twitter:card\" content=\"summary_large_image\" \/>\n<meta name=\"twitter:label1\" content=\"Est. reading time\" \/>\n\t<meta name=\"twitter:data1\" content=\"2 minutes\" \/>\n<script type=\"application\/ld+json\" class=\"yoast-schema-graph\">{\"@context\":\"https:\\\/\\\/schema.org\",\"@graph\":[{\"@type\":\"WebPage\",\"@id\":\"https:\\\/\\\/hhabogado.com\\\/acerca-de\\\/\",\"url\":\"https:\\\/\\\/hhabogado.com\\\/acerca-de\\\/\",\"name\":\"Quienes somos - HH Abogados &amp; Notarios\",\"isPartOf\":{\"@id\":\"https:\\\/\\\/hhabogado.com\\\/#website\"},\"primaryImageOfPage\":{\"@id\":\"https:\\\/\\\/hhabogado.com\\\/acerca-de\\\/#primaryimage\"},\"image\":{\"@id\":\"https:\\\/\\\/hhabogado.com\\\/acerca-de\\\/#primaryimage\"},\"thumbnailUrl\":\"https:\\\/\\\/hhabogado.com\\\/wp-content\\\/uploads\\\/2023\\\/01\\\/hh-abogados-isotipo.png\",\"datePublished\":\"2020-09-09T13:00:53+00:00\",\"dateModified\":\"2025-03-11T21:01:11+00:00\",\"breadcrumb\":{\"@id\":\"https:\\\/\\\/hhabogado.com\\\/acerca-de\\\/#breadcrumb\"},\"inLanguage\":\"en-US\",\"potentialAction\":[{\"@type\":\"ReadAction\",\"target\":[\"https:\\\/\\\/hhabogado.com\\\/acerca-de\\\/\"]}]},{\"@type\":\"ImageObject\",\"inLanguage\":\"en-US\",\"@id\":\"https:\\\/\\\/hhabogado.com\\\/acerca-de\\\/#primaryimage\",\"url\":\"https:\\\/\\\/hhabogado.com\\\/wp-content\\\/uploads\\\/2023\\\/01\\\/hh-abogados-isotipo.png\",\"contentUrl\":\"https:\\\/\\\/hhabogado.com\\\/wp-content\\\/uploads\\\/2023\\\/01\\\/hh-abogados-isotipo.png\",\"width\":512,\"height\":512},{\"@type\":\"BreadcrumbList\",\"@id\":\"https:\\\/\\\/hhabogado.com\\\/acerca-de\\\/#breadcrumb\",\"itemListElement\":[{\"@type\":\"ListItem\",\"position\":1,\"name\":\"Home\",\"item\":\"https:\\\/\\\/hhabogado.com\\\/\"},{\"@type\":\"ListItem\",\"position\":2,\"name\":\"Quienes somos\"}]},{\"@type\":\"WebSite\",\"@id\":\"https:\\\/\\\/hhabogado.com\\\/#website\",\"url\":\"https:\\\/\\\/hhabogado.com\\\/\",\"name\":\"HH Abogados &amp; Notarios\",\"description\":\"HH Abodagos &amp; Notarios\",\"publisher\":{\"@id\":\"https:\\\/\\\/hhabogado.com\\\/#organization\"},\"potentialAction\":[{\"@type\":\"SearchAction\",\"target\":{\"@type\":\"EntryPoint\",\"urlTemplate\":\"https:\\\/\\\/hhabogado.com\\\/?s={search_term_string}\"},\"query-input\":{\"@type\":\"PropertyValueSpecification\",\"valueRequired\":true,\"valueName\":\"search_term_string\"}}],\"inLanguage\":\"en-US\"},{\"@type\":\"Organization\",\"@id\":\"https:\\\/\\\/hhabogado.com\\\/#organization\",\"name\":\"HH Abogados &amp; Notarios\",\"url\":\"https:\\\/\\\/hhabogado.com\\\/\",\"logo\":{\"@type\":\"ImageObject\",\"inLanguage\":\"en-US\",\"@id\":\"https:\\\/\\\/hhabogado.com\\\/#\\\/schema\\\/logo\\\/image\\\/\",\"url\":\"https:\\\/\\\/hhabogado.com\\\/wp-content\\\/uploads\\\/2023\\\/02\\\/hh-ico.png\",\"contentUrl\":\"https:\\\/\\\/hhabogado.com\\\/wp-content\\\/uploads\\\/2023\\\/02\\\/hh-ico.png\",\"width\":512,\"height\":512,\"caption\":\"HH Abogados &amp; Notarios\"},\"image\":{\"@id\":\"https:\\\/\\\/hhabogado.com\\\/#\\\/schema\\\/logo\\\/image\\\/\"}}]}<\/script>\n<!-- \/ Yoast SEO plugin. -->","yoast_head_json":{"title":"Quienes somos - HH Abogados &amp; Notarios","robots":{"index":"index","follow":"follow","max-snippet":"max-snippet:-1","max-image-preview":"max-image-preview:large","max-video-preview":"max-video-preview:-1"},"canonical":"https:\/\/hhabogado.com\/en\/acerca-de\/","og_locale":"en_US","og_type":"article","og_title":"Quienes somos - HH Abogados &amp; Notarios","og_description":"Sobre nosotros En HH Abogados &amp; Notarios\u00a0integramos un equipo din\u00e1mico, confiable y creativo enfocado en convertirnos en su mejor aliado estrat\u00e9gico. Nuestros abogados son profesionales con amplia experiencia en todas las ramas del Derecho y se han caracterizado por ser disciplinados, responsables y expeditos con nuestros clientes. HH Abogados &amp; Notarios est\u00e1 especializado en brindar [&hellip;]","og_url":"https:\/\/hhabogado.com\/en\/acerca-de\/","og_site_name":"HH Abogados &amp; Notarios","article_modified_time":"2025-03-11T21:01:11+00:00","og_image":[{"width":512,"height":512,"url":"https:\/\/hhabogado.com\/wp-content\/uploads\/2023\/01\/hh-abogados-isotipo.png","type":"image\/png"}],"twitter_card":"summary_large_image","twitter_misc":{"Est. reading time":"2 minutes"},"schema":{"@context":"https:\/\/schema.org","@graph":[{"@type":"WebPage","@id":"https:\/\/hhabogado.com\/acerca-de\/","url":"https:\/\/hhabogado.com\/acerca-de\/","name":"Quienes somos - HH Abogados &amp; Notarios","isPartOf":{"@id":"https:\/\/hhabogado.com\/#website"},"primaryImageOfPage":{"@id":"https:\/\/hhabogado.com\/acerca-de\/#primaryimage"},"image":{"@id":"https:\/\/hhabogado.com\/acerca-de\/#primaryimage"},"thumbnailUrl":"https:\/\/hhabogado.com\/wp-content\/uploads\/2023\/01\/hh-abogados-isotipo.png","datePublished":"2020-09-09T13:00:53+00:00","dateModified":"2025-03-11T21:01:11+00:00","breadcrumb":{"@id":"https:\/\/hhabogado.com\/acerca-de\/#breadcrumb"},"inLanguage":"en-US","potentialAction":[{"@type":"ReadAction","target":["https:\/\/hhabogado.com\/acerca-de\/"]}]},{"@type":"ImageObject","inLanguage":"en-US","@id":"https:\/\/hhabogado.com\/acerca-de\/#primaryimage","url":"https:\/\/hhabogado.com\/wp-content\/uploads\/2023\/01\/hh-abogados-isotipo.png","contentUrl":"https:\/\/hhabogado.com\/wp-content\/uploads\/2023\/01\/hh-abogados-isotipo.png","width":512,"height":512},{"@type":"BreadcrumbList","@id":"https:\/\/hhabogado.com\/acerca-de\/#breadcrumb","itemListElement":[{"@type":"ListItem","position":1,"name":"Home","item":"https:\/\/hhabogado.com\/"},{"@type":"ListItem","position":2,"name":"Quienes somos"}]},{"@type":"WebSite","@id":"https:\/\/hhabogado.com\/#website","url":"https:\/\/hhabogado.com\/","name":"HH Abogados &amp; Notarios","description":"HH Abodagos &amp; Notarios","publisher":{"@id":"https:\/\/hhabogado.com\/#organization"},"potentialAction":[{"@type":"SearchAction","target":{"@type":"EntryPoint","urlTemplate":"https:\/\/hhabogado.com\/?s={search_term_string}"},"query-input":{"@type":"PropertyValueSpecification","valueRequired":true,"valueName":"search_term_string"}}],"inLanguage":"en-US"},{"@type":"Organization","@id":"https:\/\/hhabogado.com\/#organization","name":"HH Abogados &amp; Notarios","url":"https:\/\/hhabogado.com\/","logo":{"@type":"ImageObject","inLanguage":"en-US","@id":"https:\/\/hhabogado.com\/#\/schema\/logo\/image\/","url":"https:\/\/hhabogado.com\/wp-content\/uploads\/2023\/02\/hh-ico.png","contentUrl":"https:\/\/hhabogado.com\/wp-content\/uploads\/2023\/02\/hh-ico.png","width":512,"height":512,"caption":"HH Abogados &amp; Notarios"},"image":{"@id":"https:\/\/hhabogado.com\/#\/schema\/logo\/image\/"}}]}},"_links":{"self":[{"href":"https:\/\/hhabogado.com\/en\/wp-json\/wp\/v2\/pages\/1010","targetHints":{"allow":["GET"]}}],"collection":[{"href":"https:\/\/hhabogado.com\/en\/wp-json\/wp\/v2\/pages"}],"about":[{"href":"https:\/\/hhabogado.com\/en\/wp-json\/wp\/v2\/types\/page"}],"author":[{"embeddable":true,"href":"https:\/\/hhabogado.com\/en\/wp-json\/wp\/v2\/users\/1"}],"replies":[{"embeddable":true,"href":"https:\/\/hhabogado.com\/en\/wp-json\/wp\/v2\/comments?post=1010"}],"version-history":[{"count":37,"href":"https:\/\/hhabogado.com\/en\/wp-json\/wp\/v2\/pages\/1010\/revisions"}],"predecessor-version":[{"id":5084,"href":"https:\/\/hhabogado.com\/en\/wp-json\/wp\/v2\/pages\/1010\/revisions\/5084"}],"wp:featuredmedia":[{"embeddable":true,"href":"https:\/\/hhabogado.com\/en\/wp-json\/wp\/v2\/media\/4566"}],"wp:attachment":[{"href":"https:\/\/hhabogado.com\/en\/wp-json\/wp\/v2\/media?parent=1010"}],"curies":[{"name":"wp","href":"https:\/\/api.w.org\/{rel}","templated":true}]}}